{"id":21,"date":"2022-01-31T16:56:00","date_gmt":"2022-01-31T16:56:00","guid":{"rendered":"https:\/\/physio-und-training-giessen.de\/?page_id=21"},"modified":"2025-06-09T06:42:09","modified_gmt":"2025-06-09T06:42:09","slug":"ueber-mich","status":"publish","type":"page","link":"https:\/\/physio-und-training-giessen.de\/?page_id=21","title":{"rendered":"\u00dcber mich"},"content":{"rendered":"\t\t<div data-elementor-type=\"wp-page\" data-elementor-id=\"21\" class=\"elementor elementor-21\">\n\t\t\t\t\t\t<section class=\"elementor-section elementor-top-section elementor-element elementor-element-b77f237 elementor-section-boxed elementor-section-height-default elementor-section-height-default\" data-id=\"b77f237\" data-element_type=\"section\" data-e-type=\"section\">\n\t\t\t\t\t\t<div class=\"elementor-container elementor-column-gap-default\">\n\t\t\t\t\t<div class=\"elementor-column elementor-col-50 elementor-top-column elementor-element elementor-element-6b0f296\" data-id=\"6b0f296\" data-element_type=\"column\" data-e-type=\"column\">\n\t\t\t<div class=\"elementor-widget-wrap elementor-element-populated\">\n\t\t\t\t\t\t<div class=\"elementor-element elementor-element-e2b6b3e elementor-widget elementor-widget-image\" data-id=\"e2b6b3e\" data-element_type=\"widget\" data-e-type=\"widget\" data-widget_type=\"image.default\">\n\t\t\t\t<div class=\"elementor-widget-container\">\n\t\t\t\t\t\t\t\t\t\t\t\t\t\t\t<img fetchpriority=\"high\" decoding=\"async\" width=\"683\" height=\"1024\" src=\"https:\/\/physio-und-training-giessen.de\/wp-content\/uploads\/2022\/01\/LOGO7377-Kopie-683x1024.jpg\" class=\"attachment-large size-large wp-image-32\" alt=\"\" srcset=\"https:\/\/physio-und-training-giessen.de\/wp-content\/uploads\/2022\/01\/LOGO7377-Kopie-683x1024.jpg 683w, https:\/\/physio-und-training-giessen.de\/wp-content\/uploads\/2022\/01\/LOGO7377-Kopie-200x300.jpg 200w, https:\/\/physio-und-training-giessen.de\/wp-content\/uploads\/2022\/01\/LOGO7377-Kopie-768x1152.jpg 768w, https:\/\/physio-und-training-giessen.de\/wp-content\/uploads\/2022\/01\/LOGO7377-Kopie-1024x1536.jpg 1024w, https:\/\/physio-und-training-giessen.de\/wp-content\/uploads\/2022\/01\/LOGO7377-Kopie-1365x2048.jpg 1365w, https:\/\/physio-und-training-giessen.de\/wp-content\/uploads\/2022\/01\/LOGO7377-Kopie-scaled.jpg 1707w\" sizes=\"(max-width: 683px) 100vw, 683px\" \/>\t\t\t\t\t\t\t\t\t\t\t\t\t\t\t<\/div>\n\t\t\t\t<\/div>\n\t\t\t\t\t<\/div>\n\t\t<\/div>\n\t\t\t\t<div class=\"elementor-column elementor-col-50 elementor-top-column elementor-element elementor-element-30caabd\" data-id=\"30caabd\" data-element_type=\"column\" data-e-type=\"column\">\n\t\t\t<div class=\"elementor-widget-wrap elementor-element-populated\">\n\t\t\t\t\t\t<div class=\"elementor-element elementor-element-3003513 elementor-widget elementor-widget-text-editor\" data-id=\"3003513\" data-element_type=\"widget\" data-e-type=\"widget\" data-widget_type=\"text-editor.default\">\n\t\t\t\t<div class=\"elementor-widget-container\">\n\t\t\t\t\t\t\t\t\t<h1 data-start=\"226\" data-end=\"278\"><strong data-start=\"229\" data-end=\"276\">Willkommen bei TG Private Physio &amp; Training\u00a0<\/strong><\/h1><p data-start=\"279\" data-end=\"351\"><strong data-start=\"279\" data-end=\"351\">Physiotherapie. Personal Training. Ern\u00e4hrung. Nat\u00fcrlich individuell.<\/strong><\/p><h3 data-start=\"353\" data-end=\"415\"><strong data-start=\"357\" data-end=\"415\">\u00dcber mich \u2013 Ihre Expertin f\u00fcr ganzheitliche Gesundheit<\/strong><\/h3><p data-start=\"417\" data-end=\"675\">Mein Name ist <strong data-start=\"431\" data-end=\"446\">Theresa<\/strong>, ich bin ausgebildete <strong data-start=\"469\" data-end=\"490\">Physiotherapeutin<\/strong>, zertifizierte <strong data-start=\"506\" data-end=\"535\">Personal Trainerin (DFLV)<\/strong> und <strong data-start=\"540\" data-end=\"570\">Ern\u00e4hrungstrainerin (DFLV)<\/strong> mit dem Ziel, K\u00f6rper, Bewegung und Gesundheit ganzheitlich zu betrachten und individuell zu begleiten.<\/p><p data-start=\"677\" data-end=\"891\">Als <strong data-start=\"681\" data-end=\"727\">Inhaberin von TG Private Physio &amp; Training<\/strong> kombiniere ich medizinisches Fachwissen mit langj\u00e4hriger Praxiserfahrung, um ma\u00dfgeschneiderte Therapie- und Trainingskonzepte f\u00fcr meine Klient*innen zu entwickeln.<\/p><h3 data-start=\"898\" data-end=\"941\">\u00a0<strong style=\"font-size: 18px;\" data-start=\"902\" data-end=\"941\">Meine Qualifikationen im \u00dcberblick:<\/strong><\/h3><ul data-start=\"943\" data-end=\"1361\"><li data-start=\"943\" data-end=\"989\"><p data-start=\"945\" data-end=\"989\"><strong data-start=\"945\" data-end=\"987\">Staatlich anerkannte Physiotherapeutin<\/strong><\/p><\/li><li data-start=\"990\" data-end=\"1076\"><p data-start=\"992\" data-end=\"1076\"><strong data-start=\"992\" data-end=\"1027\">Langj\u00e4hrige klinische Erfahrung<\/strong> in einer orthop\u00e4disch-chirurgischen Fachklinik<\/p><\/li><li data-start=\"1077\" data-end=\"1137\"><p data-start=\"1079\" data-end=\"1137\"><strong data-start=\"1079\" data-end=\"1135\">Manuelle Therapie \u2013 MTO \u2013 Das Osteopathische Konzept<\/strong><\/p><\/li><li data-start=\"1138\" data-end=\"1185\"><p data-start=\"1140\" data-end=\"1185\"><strong data-start=\"1140\" data-end=\"1183\">Zertifizierte Personal Trainerin (DFLV)<\/strong><\/p><\/li><li data-start=\"1186\" data-end=\"1234\"><p data-start=\"1188\" data-end=\"1234\"><strong data-start=\"1188\" data-end=\"1232\">Zertifizierte Ern\u00e4hrungstrainerin (DFLV)<\/strong><\/p><\/li><li data-start=\"1235\" data-end=\"1361\"><p data-start=\"1237\" data-end=\"1361\"><strong data-start=\"1237\" data-end=\"1298\">Zertifiziert in der Anwendung der Bowen-Technik (Bowtech)<\/strong><br data-start=\"1298\" data-end=\"1301\" \/>\u2013 eine sanfte, ganzheitliche Muskel- und Faszienbehandlung<\/p><\/li><\/ul><h3 data-start=\"1368\" data-end=\"1395\">\u00a0<strong style=\"font-size: 18px;\" data-start=\"1372\" data-end=\"1395\">Meine Schwerpunkte:<\/strong><\/h3><ul><li><strong data-start=\"1400\" data-end=\"1438\">Physiotherapie &amp; Manuelle Therapie<\/strong><br data-start=\"1438\" data-end=\"1441\" \/>Gezielte Therapie bei akuten und chronischen Beschwerden, Rehabilitation nach Operationen oder zur Pr\u00e4vention.<\/li><li data-start=\"1553\" data-end=\"1697\"><strong data-start=\"1556\" data-end=\"1577\">Personal Training<\/strong><br data-start=\"1577\" data-end=\"1580\" \/>Individuell abgestimmte Bewegungskonzepte f\u00fcr jedes Leistungsniveau \u2013 vom Einsteiger bis zum ambitionierten Sportler.<\/li><li data-start=\"1699\" data-end=\"1850\"><strong data-start=\"1702\" data-end=\"1724\">Ern\u00e4hrungscoaching<\/strong><br data-start=\"1724\" data-end=\"1727\" \/>Praktikable, alltagsnahe Ern\u00e4hrungsberatung \u2013 angepasst an pers\u00f6nliche Ziele, Lebensstil und gesundheitliche Anforderungen.<\/li><li data-start=\"1852\" data-end=\"2009\"><strong data-start=\"1855\" data-end=\"1882\">Bowen-Technik (Bowtech)<\/strong><br data-start=\"1882\" data-end=\"1885\" \/>Sanfte Impulse zur Selbstregulation des K\u00f6rpers \u2013 besonders effektiv bei Stress, Verspannungen oder funktionellen St\u00f6rungen.<\/li><\/ul><h3 data-start=\"2016\" data-end=\"2045\">\u00a0<strong style=\"font-size: 18px;\" data-start=\"2020\" data-end=\"2045\">Was mich auszeichnet:<\/strong><\/h3><ul><li data-start=\"2047\" data-end=\"2314\"><strong data-start=\"2049\" data-end=\"2075\">Individuelle Betreuung<\/strong> \u2013 keine Behandlung \u201evon der Stange\u201c<\/li><li><strong data-start=\"2116\" data-end=\"2141\">Ganzheitlicher Ansatz<\/strong> \u2013 K\u00f6rper, Geist und Lebensstil im Fokus<\/li><li><strong data-start=\"2186\" data-end=\"2210\">Vertraute Atmosph\u00e4re<\/strong> \u2013 mit Zeit, Ruhe und echter Aufmerksamkeit<\/li><li><strong data-start=\"2258\" data-end=\"2291\">Diskretion &amp; Professionalit\u00e4t<\/strong> \u2013 in exklusivem Rahmen<\/li><\/ul>\t\t\t\t\t\t\t\t<\/div>\n\t\t\t\t<\/div>\n\t\t\t\t\t<\/div>\n\t\t<\/div>\n\t\t\t\t\t<\/div>\n\t\t<\/section>\n\t\t\t\t<section class=\"elementor-section elementor-top-section elementor-element elementor-element-26c56a5 elementor-section-full_width elementor-section-height-default elementor-section-height-default\" data-id=\"26c56a5\" data-element_type=\"section\" data-e-type=\"section\">\n\t\t\t\t\t\t<div class=\"elementor-container elementor-column-gap-default\">\n\t\t\t\t\t<div class=\"elementor-column elementor-col-100 elementor-top-column elementor-element elementor-element-afac537\" data-id=\"afac537\" data-element_type=\"column\" data-e-type=\"column\">\n\t\t\t<div class=\"elementor-widget-wrap elementor-element-populated\">\n\t\t\t\t\t\t<div class=\"elementor-element elementor-element-8404881 elementor-widget-divider--view-line elementor-widget elementor-widget-divider\" data-id=\"8404881\" data-element_type=\"widget\" data-e-type=\"widget\" data-widget_type=\"divider.default\">\n\t\t\t\t<div class=\"elementor-widget-container\">\n\t\t\t\t\t\t\t<div class=\"elementor-divider\">\n\t\t\t<span class=\"elementor-divider-separator\">\n\t\t\t\t\t\t<\/span>\n\t\t<\/div>\n\t\t\t\t\t\t<\/div>\n\t\t\t\t<\/div>\n\t\t\t\t\t<\/div>\n\t\t<\/div>\n\t\t\t\t\t<\/div>\n\t\t<\/section>\n\t\t\t\t<section class=\"elementor-section elementor-top-section elementor-element elementor-element-49cc7c9 elementor-section-boxed elementor-section-height-default elementor-section-height-default\" data-id=\"49cc7c9\" data-element_type=\"section\" data-e-type=\"section\">\n\t\t\t\t\t\t<div class=\"elementor-container elementor-column-gap-default\">\n\t\t\t\t\t<div class=\"elementor-column elementor-col-100 elementor-top-column elementor-element elementor-element-42abc51\" data-id=\"42abc51\" data-element_type=\"column\" data-e-type=\"column\">\n\t\t\t<div class=\"elementor-widget-wrap\">\n\t\t\t\t\t\t\t<\/div>\n\t\t<\/div>\n\t\t\t\t\t<\/div>\n\t\t<\/section>\n\t\t\t\t<\/div>\n\t\t","protected":false},"excerpt":{"rendered":"<p>Willkommen bei TG Private Physio &amp; Training\u00a0 Physiotherapie. Personal Training. Ern\u00e4hrung. Nat\u00fcrlich individuell. \u00dcber mich \u2013 Ihre Expertin f\u00fcr ganzheitliche Gesundheit Mein Name ist Theresa, ich bin ausgebildete Physiotherapeutin, zertifizierte Personal Trainerin (DFLV) und Ern\u00e4hrungstrainerin (DFLV) mit dem Ziel, K\u00f6rper, Bewegung und Gesundheit ganzheitlich zu betrachten und individuell zu begleiten. Als Inhaberin von TG Private [&hellip;]<\/p>\n","protected":false},"author":1,"featured_media":0,"parent":0,"menu_order":0,"comment_status":"closed","ping_status":"closed","template":"","meta":{"ocean_post_layout":"full-screen","ocean_both_sidebars_style":"","ocean_both_sidebars_content_width":0,"ocean_both_sidebars_sidebars_width":0,"ocean_sidebar":"0","ocean_second_sidebar":"0","ocean_disable_margins":"enable","ocean_add_body_class":"","ocean_shortcode_before_top_bar":"","ocean_shortcode_after_top_bar":"","ocean_shortcode_before_header":"","ocean_shortcode_after_header":"","ocean_has_shortcode":"","ocean_shortcode_after_title":"","ocean_shortcode_before_footer_widgets":"","ocean_shortcode_after_footer_widgets":"","ocean_shortcode_before_footer_bottom":"","ocean_shortcode_after_footer_bottom":"","ocean_display_top_bar":"off","ocean_display_header":"default","ocean_header_style":"","ocean_center_header_left_menu":"0","ocean_custom_header_template":"0","ocean_custom_logo":0,"ocean_custom_retina_logo":0,"ocean_custom_logo_max_width":0,"ocean_custom_logo_tablet_max_width":0,"ocean_custom_logo_mobile_max_width":0,"ocean_custom_logo_max_height":0,"ocean_custom_logo_tablet_max_height":0,"ocean_custom_logo_mobile_max_height":0,"ocean_header_custom_menu":"0","ocean_menu_typo_font_family":"0","ocean_menu_typo_font_subset":"","ocean_menu_typo_font_size":0,"ocean_menu_typo_font_size_tablet":0,"ocean_menu_typo_font_size_mobile":0,"ocean_menu_typo_font_size_unit":"px","ocean_menu_typo_font_weight":"","ocean_menu_typo_font_weight_tablet":"","ocean_menu_typo_font_weight_mobile":"","ocean_menu_typo_transform":"","ocean_menu_typo_transform_tablet":"","ocean_menu_typo_transform_mobile":"","ocean_menu_typo_line_height":0,"ocean_menu_typo_line_height_tablet":0,"ocean_menu_typo_line_height_mobile":0,"ocean_menu_typo_line_height_unit":"","ocean_menu_typo_spacing":0,"ocean_menu_typo_spacing_tablet":0,"ocean_menu_typo_spacing_mobile":0,"ocean_menu_typo_spacing_unit":"","ocean_menu_link_color":"","ocean_menu_link_color_hover":"","ocean_menu_link_color_active":"","ocean_menu_link_background":"","ocean_menu_link_hover_background":"","ocean_menu_link_active_background":"","ocean_menu_social_links_bg":"","ocean_menu_social_hover_links_bg":"","ocean_menu_social_links_color":"","ocean_menu_social_hover_links_color":"","ocean_disable_title":"on","ocean_disable_heading":"default","ocean_post_title":"","ocean_post_subheading":"","ocean_post_title_style":"","ocean_post_title_background_color":"","ocean_post_title_background":0,"ocean_post_title_bg_image_position":"","ocean_post_title_bg_image_attachment":"","ocean_post_title_bg_image_repeat":"","ocean_post_title_bg_image_size":"","ocean_post_title_height":0,"ocean_post_title_bg_overlay":0.5,"ocean_post_title_bg_overlay_color":"","ocean_disable_breadcrumbs":"default","ocean_breadcrumbs_color":"","ocean_breadcrumbs_separator_color":"","ocean_breadcrumbs_links_color":"","ocean_breadcrumbs_links_hover_color":"","ocean_display_footer_widgets":"off","ocean_display_footer_bottom":"off","ocean_custom_footer_template":"0","footnotes":""},"class_list":["post-21","page","type-page","status-publish","hentry","entry"],"_links":{"self":[{"href":"https:\/\/physio-und-training-giessen.de\/index.php?rest_route=\/wp\/v2\/pages\/21","targetHints":{"allow":["GET"]}}],"collection":[{"href":"https:\/\/physio-und-training-giessen.de\/index.php?rest_route=\/wp\/v2\/pages"}],"about":[{"href":"https:\/\/physio-und-training-giessen.de\/index.php?rest_route=\/wp\/v2\/types\/page"}],"author":[{"embeddable":true,"href":"https:\/\/physio-und-training-giessen.de\/index.php?rest_route=\/wp\/v2\/users\/1"}],"replies":[{"embeddable":true,"href":"https:\/\/physio-und-training-giessen.de\/index.php?rest_route=%2Fwp%2Fv2%2Fcomments&post=21"}],"version-history":[{"count":23,"href":"https:\/\/physio-und-training-giessen.de\/index.php?rest_route=\/wp\/v2\/pages\/21\/revisions"}],"predecessor-version":[{"id":168,"href":"https:\/\/physio-und-training-giessen.de\/index.php?rest_route=\/wp\/v2\/pages\/21\/revisions\/168"}],"wp:attachment":[{"href":"https:\/\/physio-und-training-giessen.de\/index.php?rest_route=%2Fwp%2Fv2%2Fmedia&parent=21"}],"curies":[{"name":"wp","href":"https:\/\/api.w.org\/{rel}","templated":true}]}}