{"id":48,"date":"2022-01-31T18:00:16","date_gmt":"2022-01-31T18:00:16","guid":{"rendered":"https:\/\/physio-und-training-giessen.de\/?page_id=48"},"modified":"2025-06-09T06:23:22","modified_gmt":"2025-06-09T06:23:22","slug":"impressum","status":"publish","type":"page","link":"https:\/\/physio-und-training-giessen.de\/?page_id=48","title":{"rendered":"Impressum"},"content":{"rendered":"\t\t<div data-elementor-type=\"wp-page\" data-elementor-id=\"48\" class=\"elementor elementor-48\">\n\t\t\t\t\t\t<section class=\"elementor-section elementor-top-section elementor-element elementor-element-43133b5 elementor-section-boxed elementor-section-height-default elementor-section-height-default\" data-id=\"43133b5\" data-element_type=\"section\" data-e-type=\"section\">\n\t\t\t\t\t\t<div class=\"elementor-container elementor-column-gap-default\">\n\t\t\t\t\t<div class=\"elementor-column elementor-col-100 elementor-top-column elementor-element elementor-element-d672086\" data-id=\"d672086\" data-element_type=\"column\" data-e-type=\"column\">\n\t\t\t<div class=\"elementor-widget-wrap elementor-element-populated\">\n\t\t\t\t\t\t<div class=\"elementor-element elementor-element-42039e6 elementor-widget elementor-widget-text-editor\" data-id=\"42039e6\" data-element_type=\"widget\" data-e-type=\"widget\" data-widget_type=\"text-editor.default\">\n\t\t\t\t<div class=\"elementor-widget-container\">\n\t\t\t\t\t\t\t\t\t<h3 data-start=\"241\" data-end=\"262\"><strong>IMPRESSUM<\/strong><\/h3><p data-start=\"241\" data-end=\"262\">\u00a0<\/p><p data-start=\"241\" data-end=\"262\">Angaben gem\u00e4\u00df \u00a7 5 TMG<\/p><p data-start=\"264\" data-end=\"362\"><strong data-start=\"264\" data-end=\"293\">Theresa Gelhardt-Alban<\/strong><br data-start=\"293\" data-end=\"296\" \/>Hofwiesenstra\u00dfe 9<br data-start=\"325\" data-end=\"328\" \/>35315 Homberg Ohm<br data-start=\"348\" data-end=\"351\" \/>Deutschland<\/p><p data-start=\"364\" data-end=\"476\">Telefon: 0151 55925507<br data-start=\"414\" data-end=\"417\" \/>E-Mail: info@tg-pt.de<\/p><p data-start=\"364\" data-end=\"476\"><br data-start=\"443\" data-end=\"446\" \/><strong data-start=\"478\" data-end=\"500\">Berufsbezeichnung:<\/strong><br data-start=\"500\" data-end=\"503\" \/>Physiotherapeutin (verliehen in Deutschland)<\/p><p data-start=\"549\" data-end=\"618\"><strong data-start=\"549\" data-end=\"569\">Umsatzsteuer-ID:<\/strong><br data-start=\"569\" data-end=\"572\" \/>DE57568924034 (gem\u00e4\u00df \u00a7 27a Umsatzsteuergesetz)<\/p><p data-start=\"620\" data-end=\"725\"><strong data-start=\"620\" data-end=\"676\">Verantwortlich f\u00fcr den Inhalt nach \u00a7 55 Abs. 2 RStV:<\/strong><br data-start=\"676\" data-end=\"679\" \/><strong data-start=\"264\" data-end=\"293\">Theresa Gelhardt-Alban<\/strong><br data-start=\"293\" data-end=\"296\" \/>Hofwiesenstra\u00dfe 9<br data-start=\"325\" data-end=\"328\" \/>35315 Homberg Ohm<\/p><h3 data-start=\"732\" data-end=\"758\">\u00a0<\/h3><h3 data-start=\"732\" data-end=\"758\"><strong data-start=\"736\" data-end=\"758\">Haftungsausschluss<\/strong><\/h3><p data-start=\"760\" data-end=\"1122\"><strong data-start=\"760\" data-end=\"783\">Haftung f\u00fcr Inhalte<\/strong><br data-start=\"783\" data-end=\"786\" \/>Als Diensteanbieterin bin ich gem\u00e4\u00df \u00a7 7 Abs. 1 TMG f\u00fcr eigene Inhalte auf diesen Seiten nach den allgemeinen Gesetzen verantwortlich. Nach \u00a7\u00a7 8 bis 10 TMG bin ich jedoch nicht verpflichtet, \u00fcbermittelte oder gespeicherte fremde Informationen zu \u00fcberwachen oder nach Umst\u00e4nden zu forschen, die auf eine rechtswidrige T\u00e4tigkeit hinweisen.<\/p><p data-start=\"1124\" data-end=\"1467\">Verpflichtungen zur Entfernung oder Sperrung der Nutzung von Informationen nach den allgemeinen Gesetzen bleiben hiervon unber\u00fchrt. Eine diesbez\u00fcgliche Haftung ist jedoch erst ab dem Zeitpunkt der Kenntnis einer konkreten Rechtsverletzung m\u00f6glich. Bei Bekanntwerden entsprechender Rechtsverletzungen werde ich diese Inhalte umgehend entfernen.<\/p><p data-start=\"1469\" data-end=\"2171\"><strong data-start=\"1469\" data-end=\"1490\">Haftung f\u00fcr Links<\/strong><br data-start=\"1490\" data-end=\"1493\" \/>Meine Website enth\u00e4lt ggf. Links zu externen Webseiten Dritter, auf deren Inhalte ich keinen Einfluss habe. Deshalb kann ich f\u00fcr diese fremden Inhalte auch keine Gew\u00e4hr \u00fcbernehmen. F\u00fcr die Inhalte der verlinkten Seiten ist stets der jeweilige Anbieter oder Betreiber der Seiten verantwortlich. Zum Zeitpunkt der Verlinkung wurden die Seiten auf m\u00f6gliche Rechtsverst\u00f6\u00dfe \u00fcberpr\u00fcft. Rechtswidrige Inhalte waren zum Zeitpunkt der Verlinkung nicht erkennbar. Eine permanente inhaltliche Kontrolle der verlinkten Seiten ist jedoch ohne konkrete Anhaltspunkte einer Rechtsverletzung nicht zumutbar. Bei Bekanntwerden von Rechtsverletzungen werde ich derartige Links umgehend entfernen.<\/p><h3 data-start=\"2178\" data-end=\"2198\">\u00a0<\/h3><h3 data-start=\"2178\" data-end=\"2198\"><strong data-start=\"2182\" data-end=\"2198\">Urheberrecht<\/strong><\/h3><p data-start=\"2200\" data-end=\"2598\">Die durch die Seitenbetreiberin erstellten Inhalte und Werke auf dieser Website unterliegen dem deutschen Urheberrecht. Die Vervielf\u00e4ltigung, Bearbeitung, Verbreitung und jede Art der Verwertung au\u00dferhalb der Grenzen des Urheberrechtes bed\u00fcrfen der schriftlichen Zustimmung der jeweiligen Autorin. Downloads und Kopien dieser Seite sind nur f\u00fcr den privaten, nicht kommerziellen Gebrauch gestattet.<\/p><p data-start=\"2600\" data-end=\"2959\">Soweit die Inhalte auf dieser Seite nicht von der Betreiberin erstellt wurden, werden die Urheberrechte Dritter beachtet und entsprechend gekennzeichnet. Sollten Sie trotzdem auf eine Urheberrechtsverletzung aufmerksam werden, bitten ich um einen entsprechenden Hinweis. Bei Bekanntwerden von Rechtsverletzungen werde ich derartige Inhalte umgehend entfernen.<\/p>\t\t\t\t\t\t\t\t<\/div>\n\t\t\t\t<\/div>\n\t\t\t\t\t<\/div>\n\t\t<\/div>\n\t\t\t\t\t<\/div>\n\t\t<\/section>\n\t\t\t\t<\/div>\n\t\t","protected":false},"excerpt":{"rendered":"<p>IMPRESSUM \u00a0 Angaben gem\u00e4\u00df \u00a7 5 TMG Theresa Gelhardt-AlbanHofwiesenstra\u00dfe 935315 Homberg OhmDeutschland Telefon: 0151 55925507E-Mail: info@tg-pt.de Berufsbezeichnung:Physiotherapeutin (verliehen in Deutschland) Umsatzsteuer-ID:DE57568924034 (gem\u00e4\u00df \u00a7 27a Umsatzsteuergesetz) Verantwortlich f\u00fcr den Inhalt nach \u00a7 55 Abs. 2 RStV:Theresa Gelhardt-AlbanHofwiesenstra\u00dfe 935315 Homberg Ohm \u00a0 Haftungsausschluss Haftung f\u00fcr InhalteAls Diensteanbieterin bin ich gem\u00e4\u00df \u00a7 7 Abs. 1 TMG f\u00fcr eigene [&hellip;]<\/p>\n","protected":false},"author":1,"featured_media":0,"parent":0,"menu_order":0,"comment_status":"closed","ping_status":"closed","template":"","meta":{"ocean_post_layout":"full-screen","ocean_both_sidebars_style":"","ocean_both_sidebars_content_width":0,"ocean_both_sidebars_sidebars_width":0,"ocean_sidebar":"0","ocean_second_sidebar":"0","ocean_disable_margins":"enable","ocean_add_body_class":"","ocean_shortcode_before_top_bar":"","ocean_shortcode_after_top_bar":"","ocean_shortcode_before_header":"","ocean_shortcode_after_header":"","ocean_has_shortcode":"","ocean_shortcode_after_title":"","ocean_shortcode_before_footer_widgets":"","ocean_shortcode_after_footer_widgets":"","ocean_shortcode_before_footer_bottom":"","ocean_shortcode_after_footer_bottom":"","ocean_display_top_bar":"off","ocean_display_header":"default","ocean_header_style":"","ocean_center_header_left_menu":"0","ocean_custom_header_template":"0","ocean_custom_logo":0,"ocean_custom_retina_logo":0,"ocean_custom_logo_max_width":0,"ocean_custom_logo_tablet_max_width":0,"ocean_custom_logo_mobile_max_width":0,"ocean_custom_logo_max_height":0,"ocean_custom_logo_tablet_max_height":0,"ocean_custom_logo_mobile_max_height":0,"ocean_header_custom_menu":"0","ocean_menu_typo_font_family":"0","ocean_menu_typo_font_subset":"","ocean_menu_typo_font_size":0,"ocean_menu_typo_font_size_tablet":0,"ocean_menu_typo_font_size_mobile":0,"ocean_menu_typo_font_size_unit":"px","ocean_menu_typo_font_weight":"","ocean_menu_typo_font_weight_tablet":"","ocean_menu_typo_font_weight_mobile":"","ocean_menu_typo_transform":"","ocean_menu_typo_transform_tablet":"","ocean_menu_typo_transform_mobile":"","ocean_menu_typo_line_height":0,"ocean_menu_typo_line_height_tablet":0,"ocean_menu_typo_line_height_mobile":0,"ocean_menu_typo_line_height_unit":"","ocean_menu_typo_spacing":0,"ocean_menu_typo_spacing_tablet":0,"ocean_menu_typo_spacing_mobile":0,"ocean_menu_typo_spacing_unit":"","ocean_menu_link_color":"","ocean_menu_link_color_hover":"","ocean_menu_link_color_active":"","ocean_menu_link_background":"","ocean_menu_link_hover_background":"","ocean_menu_link_active_background":"","ocean_menu_social_links_bg":"","ocean_menu_social_hover_links_bg":"","ocean_menu_social_links_color":"","ocean_menu_social_hover_links_color":"","ocean_disable_title":"on","ocean_disable_heading":"default","ocean_post_title":"","ocean_post_subheading":"","ocean_post_title_style":"","ocean_post_title_background_color":"","ocean_post_title_background":0,"ocean_post_title_bg_image_position":"","ocean_post_title_bg_image_attachment":"","ocean_post_title_bg_image_repeat":"","ocean_post_title_bg_image_size":"","ocean_post_title_height":0,"ocean_post_title_bg_overlay":0.5,"ocean_post_title_bg_overlay_color":"","ocean_disable_breadcrumbs":"default","ocean_breadcrumbs_color":"","ocean_breadcrumbs_separator_color":"","ocean_breadcrumbs_links_color":"","ocean_breadcrumbs_links_hover_color":"","ocean_display_footer_widgets":"off","ocean_display_footer_bottom":"off","ocean_custom_footer_template":"0","footnotes":""},"class_list":["post-48","page","type-page","status-publish","hentry","entry"],"_links":{"self":[{"href":"https:\/\/physio-und-training-giessen.de\/index.php?rest_route=\/wp\/v2\/pages\/48","targetHints":{"allow":["GET"]}}],"collection":[{"href":"https:\/\/physio-und-training-giessen.de\/index.php?rest_route=\/wp\/v2\/pages"}],"about":[{"href":"https:\/\/physio-und-training-giessen.de\/index.php?rest_route=\/wp\/v2\/types\/page"}],"author":[{"embeddable":true,"href":"https:\/\/physio-und-training-giessen.de\/index.php?rest_route=\/wp\/v2\/users\/1"}],"replies":[{"embeddable":true,"href":"https:\/\/physio-und-training-giessen.de\/index.php?rest_route=%2Fwp%2Fv2%2Fcomments&post=48"}],"version-history":[{"count":10,"href":"https:\/\/physio-und-training-giessen.de\/index.php?rest_route=\/wp\/v2\/pages\/48\/revisions"}],"predecessor-version":[{"id":152,"href":"https:\/\/physio-und-training-giessen.de\/index.php?rest_route=\/wp\/v2\/pages\/48\/revisions\/152"}],"wp:attachment":[{"href":"https:\/\/physio-und-training-giessen.de\/index.php?rest_route=%2Fwp%2Fv2%2Fmedia&parent=48"}],"curies":[{"name":"wp","href":"https:\/\/api.w.org\/{rel}","templated":true}]}}